{"id":2057,"date":"2025-08-13T06:42:58","date_gmt":"2025-08-13T06:42:58","guid":{"rendered":"https:\/\/www.robertonihil-psy.com\/?page_id=2057"},"modified":"2025-12-15T01:46:09","modified_gmt":"2025-12-15T01:46:09","slug":"robertonihil-psy","status":"publish","type":"page","link":"https:\/\/www.robertonihil-psy.com\/en\/","title":{"rendered":"Robertonihil-psy"},"content":{"rendered":"<div data-elementor-type=\"wp-page\" data-elementor-id=\"2057\" class=\"elementor elementor-2057\">\n\t\t\t\t<div class=\"elementor-element elementor-element-d762751 e-flex e-con-boxed wpr-particle-no wpr-jarallax-no wpr-parallax-no wpr-sticky-section-no e-con e-parent\" data-id=\"d762751\" data-element_type=\"container\" data-settings=\"{&quot;background_background&quot;:&quot;classic&quot;}\">\n\t\t\t\t\t<div class=\"e-con-inner\">\n\t\t\t\t<div class=\"elementor-element elementor-element-0398650 elementor-widget elementor-widget-heading\" data-id=\"0398650\" data-element_type=\"widget\" data-widget_type=\"heading.default\">\n\t\t\t\t<div class=\"elementor-widget-container\">\n\t\t\t<h1 class=\"elementor-heading-title elementor-size-default\">MAISON NIHIL<\/h1>\t\t<\/div>\n\t\t\t\t<\/div>\n\t\t\t\t<div class=\"elementor-element elementor-element-43f3d41 elementor-widget elementor-widget-text-editor\" data-id=\"43f3d41\" data-element_type=\"widget\" data-widget_type=\"text-editor.default\">\n\t\t\t\t<div class=\"elementor-widget-container\">\n\t\t\t\t\t\t\t<pre id=\"tw-target-text\" class=\"tw-data-text tw-text-large tw-ta\" dir=\"ltr\" tabindex=\"-1\" role=\"text\" data-placeholder=\"Translation\" data-ved=\"2ahUKEwj3n8PmpdKPAxVsla8BHSsTGMwQ3ewLegQICxAV\" aria-label=\"Exploring transformation through elegance, silence and meaning\">Private Existential &amp; CBT Psychotherapy in Lausanne<br \/>by Roberto Nihil, Psychologist &amp; Licensed Psychotherapist (FSP)<br \/><br \/><\/pre>\t\t\t\t\t\t<\/div>\n\t\t\t\t<\/div>\n\t\t\t\t<div class=\"elementor-element elementor-element-79043f1 elementor-widget__width-inherit wpr-button-icon-style-inline wpr-button-icon-position-right elementor-widget elementor-widget-wpr-button\" data-id=\"79043f1\" data-element_type=\"widget\" data-widget_type=\"wpr-button.default\">\n\t\t\t\t<div class=\"elementor-widget-container\">\n\t\t\t\t\n\t\t\t\n\t\t\n\t\t<div class=\"wpr-button-wrap elementor-clearfix\">\n\t\t<a class=\"wpr-button wpr-button-effect wpr-button-none\" data-text=\"Go\" href=\"https:\/\/www.robertonihil-psy.com\/en\/home\/\">\n\t\t\t\n\t\t\t<span class=\"wpr-button-content\">\n\t\t\t\t\t\t\t\t\t<span class=\"wpr-button-text\">Entrez<\/span>\n\t\t\t\t\t\t\t\t\n\t\t\t\t\t\t\t<\/span>\n\t\t<\/a>\n\n\t\t\t\t<\/div>\n\t\n\t\n\t\t\t<\/div>\n\t\t\t\t<\/div>\n\t\t\t\t\t<\/div>\n\t\t\t\t<\/div>\n\t\t\t\t<\/div>","protected":false},"excerpt":{"rendered":"<p>MAISON NIHIL Psychoth\u00e9rapie existentielle et TCC en pratique priv\u00e9e \u00e0 Lausannepar Roberto Nihil, psychologue-psychoth\u00e9rapeute FSP Entrez<\/p>","protected":false},"author":2,"featured_media":0,"parent":0,"menu_order":0,"comment_status":"closed","ping_status":"closed","template":"elementor_canvas","meta":{"footnotes":""},"class_list":["post-2057","page","type-page","status-publish","hentry"],"rttpg_featured_image_url":null,"rttpg_author":{"display_name":"Robert","author_link":"https:\/\/www.robertonihil-psy.com\/en\/author\/robert\/"},"rttpg_comment":0,"rttpg_category":null,"rttpg_excerpt":"MAISON NIHIL Psychoth\u00e9rapie existentielle et TCC en pratique priv\u00e9e \u00e0 Lausannepar Roberto Nihil, psychologue-psychoth\u00e9rapeute FSP Entrez","_links":{"self":[{"href":"https:\/\/www.robertonihil-psy.com\/en\/wp-json\/wp\/v2\/pages\/2057","targetHints":{"allow":["GET"]}}],"collection":[{"href":"https:\/\/www.robertonihil-psy.com\/en\/wp-json\/wp\/v2\/pages"}],"about":[{"href":"https:\/\/www.robertonihil-psy.com\/en\/wp-json\/wp\/v2\/types\/page"}],"author":[{"embeddable":true,"href":"https:\/\/www.robertonihil-psy.com\/en\/wp-json\/wp\/v2\/users\/2"}],"replies":[{"embeddable":true,"href":"https:\/\/www.robertonihil-psy.com\/en\/wp-json\/wp\/v2\/comments?post=2057"}],"version-history":[{"count":47,"href":"https:\/\/www.robertonihil-psy.com\/en\/wp-json\/wp\/v2\/pages\/2057\/revisions"}],"predecessor-version":[{"id":2839,"href":"https:\/\/www.robertonihil-psy.com\/en\/wp-json\/wp\/v2\/pages\/2057\/revisions\/2839"}],"wp:attachment":[{"href":"https:\/\/www.robertonihil-psy.com\/en\/wp-json\/wp\/v2\/media?parent=2057"}],"curies":[{"name":"wp","href":"https:\/\/api.w.org\/{rel}","templated":true}]}}