{"id":2075,"date":"2025-08-17T08:53:21","date_gmt":"2025-08-17T08:53:21","guid":{"rendered":"https:\/\/www.robertonihil-psy.com\/?page_id=2075"},"modified":"2025-12-22T03:50:07","modified_gmt":"2025-12-22T03:50:07","slug":"hypnosis-psychotherapy","status":"publish","type":"page","link":"https:\/\/www.robertonihil-psy.com\/en\/hypnosis-psychotherapy\/","title":{"rendered":"Hypnosis &#038; Psychotherapy"},"content":{"rendered":"<div data-elementor-type=\"wp-page\" data-elementor-id=\"2075\" class=\"elementor elementor-2075\">\n\t\t\t\t<div class=\"elementor-element elementor-element-3175fd5 e-flex e-con-boxed wpr-particle-no wpr-jarallax-no wpr-parallax-no wpr-sticky-section-no e-con e-parent\" data-id=\"3175fd5\" data-element_type=\"container\" data-settings=\"{&quot;background_background&quot;:&quot;classic&quot;}\">\n\t\t\t\t\t<div class=\"e-con-inner\">\n\t\t\t\t<div class=\"elementor-element elementor-element-84c5193 elementor-widget elementor-widget-heading\" data-id=\"84c5193\" data-element_type=\"widget\" data-widget_type=\"heading.default\">\n\t\t\t\t<div class=\"elementor-widget-container\">\n\t\t\t<h2 class=\"elementor-heading-title elementor-size-default\">MAISON NIHIL<\/h2>\t\t<\/div>\n\t\t\t\t<\/div>\n\t\t\t\t\t<\/div>\n\t\t\t\t<\/div>\n\t\t<div class=\"elementor-element elementor-element-b3d4cd4 e-con-full e-flex wpr-particle-no wpr-jarallax-no wpr-parallax-no wpr-sticky-section-no e-con e-parent\" data-id=\"b3d4cd4\" data-element_type=\"container\" data-settings=\"{&quot;background_background&quot;:&quot;classic&quot;}\">\n\t\t\t\t<div class=\"elementor-element elementor-element-06388d7 elementor-widget elementor-widget-ekit-nav-menu\" data-id=\"06388d7\" data-element_type=\"widget\" data-widget_type=\"ekit-nav-menu.default\">\n\t\t\t\t<div class=\"elementor-widget-container\">\n\t\t\t\t\t<div class=\"ekit-wid-con ekit_menu_responsive_tablet\" \n\t\t\tdata-hamburger-icon=\"\" \n\t\t\tdata-hamburger-icon-type=\"icon\" \n\t\t\tdata-responsive-breakpoint=\"1024\">\n\t\t\t            <button class=\"elementskit-menu-hamburger elementskit-menu-toggler\"  type=\"button\" aria-label=\"hamburger-icon\">\n                                    <span class=\"elementskit-menu-hamburger-icon\"><\/span><span class=\"elementskit-menu-hamburger-icon\"><\/span><span class=\"elementskit-menu-hamburger-icon\"><\/span>\n                            <\/button>\n            <div id=\"ekit-megamenu-new-menu\" class=\"elementskit-menu-container elementskit-menu-offcanvas-elements elementskit-navbar-nav-default ekit-nav-menu-one-page-no ekit-nav-dropdown-hover\"><ul id=\"menu-new-menu\" class=\"elementskit-navbar-nav elementskit-menu-po-left submenu-click-on-icon\"><li id=\"menu-item-2253\" class=\"menu-item menu-item-type-post_type menu-item-object-page menu-item-2253 nav-item elementskit-mobile-builder-content\" data-vertical-menu=\"750px\"><a href=\"https:\/\/www.robertonihil-psy.com\/en\/intuition-existentialism\/\" class=\"ekit-menu-nav-link\">Intuition and Existentialism<\/a><\/li>\n<li id=\"menu-item-2254\" class=\"menu-item menu-item-type-post_type menu-item-object-page menu-item-2254 nav-item elementskit-mobile-builder-content\" data-vertical-menu=\"750px\"><a href=\"https:\/\/www.robertonihil-psy.com\/en\/music-voice\/\" class=\"ekit-menu-nav-link\">Music and voice<\/a><\/li>\n<li id=\"menu-item-2255\" class=\"menu-item menu-item-type-post_type menu-item-object-page menu-item-2255 nav-item elementskit-mobile-builder-content\" data-vertical-menu=\"750px\"><a href=\"https:\/\/www.robertonihil-psy.com\/en\/about\/\" class=\"ekit-menu-nav-link\">About<\/a><\/li>\n<li id=\"menu-item-2257\" class=\"menu-item menu-item-type-post_type menu-item-object-page menu-item-2257 nav-item elementskit-mobile-builder-content\" data-vertical-menu=\"750px\"><a href=\"https:\/\/www.robertonihil-psy.com\/en\/hypnosis-psychotherapy\/\" class=\"ekit-menu-nav-link\">Hypnosis and psychotherapy<\/a><\/li>\n<li id=\"menu-item-2843\" class=\"menu-item menu-item-type-post_type menu-item-object-page menu-item-2843 nav-item elementskit-mobile-builder-content\" data-vertical-menu=\"750px\"><a href=\"https:\/\/www.robertonihil-psy.com\/en\/blog\/\" class=\"ekit-menu-nav-link\">Blog<\/a><\/li>\n<li id=\"menu-item-2537\" class=\"menu-item menu-item-type-post_type menu-item-object-page menu-item-2537 nav-item elementskit-mobile-builder-content\" data-vertical-menu=\"750px\"><a href=\"https:\/\/www.robertonihil-psy.com\/en\/contact\/\" class=\"ekit-menu-nav-link\">Infos et Contact<\/a><\/li>\n<\/ul><div class=\"elementskit-nav-identity-panel\">\n\t\t\t\t<div class=\"elementskit-site-title\">\n\t\t\t\t\t<a class=\"elementskit-nav-logo\" href=\"https:\/\/www.robertonihil-psy.com\/en\" target=\"_self\" rel=\"\">\n\t\t\t\t\t\t<img decoding=\"async\" src=\"\" title=\"\" alt=\"\" \/>\n\t\t\t\t\t<\/a> \n\t\t\t\t<\/div><button class=\"elementskit-menu-close elementskit-menu-toggler\" type=\"button\">X<\/button><\/div><\/div>\t\t\t\n\t\t\t<div class=\"elementskit-menu-overlay elementskit-menu-offcanvas-elements elementskit-menu-toggler ekit-nav-menu--overlay\"><\/div>\t\t<\/div>\n\t\t\t\t<\/div>\n\t\t\t\t<\/div>\n\t\t\t\t<\/div>\n\t\t<div class=\"elementor-element elementor-element-8acc54f e-flex e-con-boxed wpr-particle-no wpr-jarallax-no wpr-parallax-no wpr-sticky-section-no e-con e-parent\" data-id=\"8acc54f\" data-element_type=\"container\" data-settings=\"{&quot;background_background&quot;:&quot;classic&quot;}\">\n\t\t\t\t\t<div class=\"e-con-inner\">\n\t\t\t\t<div class=\"elementor-element elementor-element-3509926 elementor-widget elementor-widget-heading\" data-id=\"3509926\" data-element_type=\"widget\" data-widget_type=\"heading.default\">\n\t\t\t\t<div class=\"elementor-widget-container\">\n\t\t\t<h1 class=\"elementor-heading-title elementor-size-default\">HYPNOSIS &amp; PSYCHOTHERAPY<\/h1>\t\t<\/div>\n\t\t\t\t<\/div>\n\t\t\t\t<div class=\"elementor-element elementor-element-c910ae0 elementor-widget elementor-widget-heading\" data-id=\"c910ae0\" data-element_type=\"widget\" data-widget_type=\"heading.default\">\n\t\t\t\t<div class=\"elementor-widget-container\">\n\t\t\t<h2 class=\"elementor-heading-title elementor-size-default\">YOU ARE <\/br>  THE TRANCE.<\/h2>\t\t<\/div>\n\t\t\t\t<\/div>\n\t\t\t\t<div class=\"elementor-element elementor-element-edf5ced elementor-widget elementor-widget-text-editor\" data-id=\"edf5ced\" data-element_type=\"widget\" data-widget_type=\"text-editor.default\">\n\t\t\t\t<div class=\"elementor-widget-container\">\n\t\t\t\t\t\t\t<p>Hypnosis as a mirror. Therapy as a metamorphosis.<\/p>\t\t\t\t\t\t<\/div>\n\t\t\t\t<\/div>\n\t\t\t\t<div class=\"elementor-element elementor-element-3542099 elementor-widget elementor-widget-text-editor\" data-id=\"3542099\" data-element_type=\"widget\" data-widget_type=\"text-editor.default\">\n\t\t\t\t<div class=\"elementor-widget-container\">\n\t\t\t\t\t\t\t<p>I offer individual psychotherapy in private practice in Lausanne, with a limited caseload to preserve pace and continuity.<\/p><p>The work may include:<br \/>\u2013 advanced CBT;<br \/>\u2013 existential psychotherapy;<br \/>\u2013 clinical hypnosis and tailored hypnosis sessions;<br \/>\u2013 EMDR when relevant;<br \/>\u2013 life-path and transition-related work.<\/p>\t\t\t\t\t\t<\/div>\n\t\t\t\t<\/div>\n\t\t\t\t\t<\/div>\n\t\t\t\t<\/div>\n\t\t<div class=\"elementor-element elementor-element-f170ef2 e-flex e-con-boxed wpr-particle-no wpr-jarallax-no wpr-parallax-no wpr-sticky-section-no e-con e-parent\" data-id=\"f170ef2\" data-element_type=\"container\" data-settings=\"{&quot;background_background&quot;:&quot;classic&quot;}\">\n\t\t\t\t\t<div class=\"e-con-inner\">\n\t\t<div class=\"elementor-element elementor-element-2e2e647 e-con-full e-flex wpr-particle-no wpr-jarallax-no wpr-parallax-no wpr-sticky-section-no e-con e-child\" data-id=\"2e2e647\" data-element_type=\"container\">\n\t\t\t\t<div class=\"elementor-element elementor-element-6d789a8 elementor-widget elementor-widget-image\" data-id=\"6d789a8\" data-element_type=\"widget\" data-widget_type=\"image.default\">\n\t\t\t\t<div class=\"elementor-widget-container\">\n\t\t\t\t\t\t\t\t\t\t\t\t\t<img decoding=\"async\" width=\"150\" height=\"150\" src=\"https:\/\/www.robertonihil-psy.com\/wp-content\/uploads\/2025\/08\/PAGE_HYPNOSIS-PSYCHOTHERAPY-01-150x150.png\" class=\"attachment-thumbnail size-thumbnail wp-image-2077\" alt=\"\" srcset=\"https:\/\/www.robertonihil-psy.com\/wp-content\/uploads\/2025\/08\/PAGE_HYPNOSIS-PSYCHOTHERAPY-01-150x150.png 150w, https:\/\/www.robertonihil-psy.com\/wp-content\/uploads\/2025\/08\/PAGE_HYPNOSIS-PSYCHOTHERAPY-01-300x300.png 300w, https:\/\/www.robertonihil-psy.com\/wp-content\/uploads\/2025\/08\/PAGE_HYPNOSIS-PSYCHOTHERAPY-01-1024x1024.png 1024w, https:\/\/www.robertonihil-psy.com\/wp-content\/uploads\/2025\/08\/PAGE_HYPNOSIS-PSYCHOTHERAPY-01-768x768.png 768w, https:\/\/www.robertonihil-psy.com\/wp-content\/uploads\/2025\/08\/PAGE_HYPNOSIS-PSYCHOTHERAPY-01-1536x1536.png 1536w, https:\/\/www.robertonihil-psy.com\/wp-content\/uploads\/2025\/08\/PAGE_HYPNOSIS-PSYCHOTHERAPY-01-2048x2048.png 2048w, https:\/\/www.robertonihil-psy.com\/wp-content\/uploads\/2025\/08\/PAGE_HYPNOSIS-PSYCHOTHERAPY-01-12x12.png 12w, https:\/\/www.robertonihil-psy.com\/wp-content\/uploads\/2025\/08\/PAGE_HYPNOSIS-PSYCHOTHERAPY-01-1320x1320.png 1320w\" sizes=\"(max-width: 150px) 100vw, 150px\" \/>\t\t\t\t\t\t\t\t\t\t\t\t\t<\/div>\n\t\t\t\t<\/div>\n\t\t\t\t<div class=\"elementor-element elementor-element-b77b0f5 elementor-widget elementor-widget-heading\" data-id=\"b77b0f5\" data-element_type=\"widget\" data-widget_type=\"heading.default\">\n\t\t\t\t<div class=\"elementor-widget-container\">\n\t\t\t<h4 class=\"elementor-heading-title elementor-size-default\">Private Sessions<\/h4>\t\t<\/div>\n\t\t\t\t<\/div>\n\t\t\t\t<\/div>\n\t\t<div class=\"elementor-element elementor-element-0da9274 e-con-full e-flex wpr-particle-no wpr-jarallax-no wpr-parallax-no wpr-sticky-section-no e-con e-child\" data-id=\"0da9274\" data-element_type=\"container\">\n\t\t\t\t<div class=\"elementor-element elementor-element-c0ce6d9 elementor-widget elementor-widget-image\" data-id=\"c0ce6d9\" data-element_type=\"widget\" data-widget_type=\"image.default\">\n\t\t\t\t<div class=\"elementor-widget-container\">\n\t\t\t\t\t\t\t\t\t\t\t\t\t<img decoding=\"async\" width=\"150\" height=\"150\" src=\"https:\/\/www.robertonihil-psy.com\/wp-content\/uploads\/2025\/08\/PAGE_HYPNOSIS-PSYCHOTHERAPY-02-150x150.png\" class=\"attachment-thumbnail size-thumbnail wp-image-2078\" alt=\"\" srcset=\"https:\/\/www.robertonihil-psy.com\/wp-content\/uploads\/2025\/08\/PAGE_HYPNOSIS-PSYCHOTHERAPY-02-150x150.png 150w, https:\/\/www.robertonihil-psy.com\/wp-content\/uploads\/2025\/08\/PAGE_HYPNOSIS-PSYCHOTHERAPY-02-300x300.png 300w, https:\/\/www.robertonihil-psy.com\/wp-content\/uploads\/2025\/08\/PAGE_HYPNOSIS-PSYCHOTHERAPY-02-1024x1024.png 1024w, https:\/\/www.robertonihil-psy.com\/wp-content\/uploads\/2025\/08\/PAGE_HYPNOSIS-PSYCHOTHERAPY-02-768x768.png 768w, https:\/\/www.robertonihil-psy.com\/wp-content\/uploads\/2025\/08\/PAGE_HYPNOSIS-PSYCHOTHERAPY-02-1536x1536.png 1536w, https:\/\/www.robertonihil-psy.com\/wp-content\/uploads\/2025\/08\/PAGE_HYPNOSIS-PSYCHOTHERAPY-02-2048x2048.png 2048w, https:\/\/www.robertonihil-psy.com\/wp-content\/uploads\/2025\/08\/PAGE_HYPNOSIS-PSYCHOTHERAPY-02-12x12.png 12w, https:\/\/www.robertonihil-psy.com\/wp-content\/uploads\/2025\/08\/PAGE_HYPNOSIS-PSYCHOTHERAPY-02-1320x1320.png 1320w\" sizes=\"(max-width: 150px) 100vw, 150px\" \/>\t\t\t\t\t\t\t\t\t\t\t\t\t<\/div>\n\t\t\t\t<\/div>\n\t\t\t\t<div class=\"elementor-element elementor-element-1a67d72 elementor-widget elementor-widget-heading\" data-id=\"1a67d72\" data-element_type=\"widget\" data-widget_type=\"heading.default\">\n\t\t\t\t<div class=\"elementor-widget-container\">\n\t\t\t<h4 class=\"elementor-heading-title elementor-size-default\">Audio Trances<\/h4>\t\t<\/div>\n\t\t\t\t<\/div>\n\t\t\t\t<\/div>\n\t\t<div class=\"elementor-element elementor-element-0d370e3 e-con-full e-flex wpr-particle-no wpr-jarallax-no wpr-parallax-no wpr-sticky-section-no e-con e-child\" data-id=\"0d370e3\" data-element_type=\"container\">\n\t\t\t\t<div class=\"elementor-element elementor-element-7bfb800 elementor-widget elementor-widget-image\" data-id=\"7bfb800\" data-element_type=\"widget\" data-widget_type=\"image.default\">\n\t\t\t\t<div class=\"elementor-widget-container\">\n\t\t\t\t\t\t\t\t\t\t\t\t\t<img decoding=\"async\" width=\"150\" height=\"150\" src=\"https:\/\/www.robertonihil-psy.com\/wp-content\/uploads\/2025\/08\/PAGE_HYPNOSIS-PSYCHOTHERAPY-03-150x150.png\" class=\"attachment-thumbnail size-thumbnail wp-image-2079\" alt=\"\" srcset=\"https:\/\/www.robertonihil-psy.com\/wp-content\/uploads\/2025\/08\/PAGE_HYPNOSIS-PSYCHOTHERAPY-03-150x150.png 150w, https:\/\/www.robertonihil-psy.com\/wp-content\/uploads\/2025\/08\/PAGE_HYPNOSIS-PSYCHOTHERAPY-03-300x300.png 300w, https:\/\/www.robertonihil-psy.com\/wp-content\/uploads\/2025\/08\/PAGE_HYPNOSIS-PSYCHOTHERAPY-03-1024x1024.png 1024w, https:\/\/www.robertonihil-psy.com\/wp-content\/uploads\/2025\/08\/PAGE_HYPNOSIS-PSYCHOTHERAPY-03-768x768.png 768w, https:\/\/www.robertonihil-psy.com\/wp-content\/uploads\/2025\/08\/PAGE_HYPNOSIS-PSYCHOTHERAPY-03-1536x1536.png 1536w, https:\/\/www.robertonihil-psy.com\/wp-content\/uploads\/2025\/08\/PAGE_HYPNOSIS-PSYCHOTHERAPY-03-2048x2048.png 2048w, https:\/\/www.robertonihil-psy.com\/wp-content\/uploads\/2025\/08\/PAGE_HYPNOSIS-PSYCHOTHERAPY-03-12x12.png 12w, https:\/\/www.robertonihil-psy.com\/wp-content\/uploads\/2025\/08\/PAGE_HYPNOSIS-PSYCHOTHERAPY-03-1320x1320.png 1320w\" sizes=\"(max-width: 150px) 100vw, 150px\" \/>\t\t\t\t\t\t\t\t\t\t\t\t\t<\/div>\n\t\t\t\t<\/div>\n\t\t\t\t<div class=\"elementor-element elementor-element-fbd375c elementor-widget elementor-widget-heading\" data-id=\"fbd375c\" data-element_type=\"widget\" data-widget_type=\"heading.default\">\n\t\t\t\t<div class=\"elementor-widget-container\">\n\t\t\t<h4 class=\"elementor-heading-title elementor-size-default\">Deep Conversations<\/h4>\t\t<\/div>\n\t\t\t\t<\/div>\n\t\t\t\t<\/div>\n\t\t\t\t\t<\/div>\n\t\t\t\t<\/div>\n\t\t<div class=\"elementor-element elementor-element-871a55b e-flex e-con-boxed wpr-particle-no wpr-jarallax-no wpr-parallax-no wpr-sticky-section-no e-con e-parent\" data-id=\"871a55b\" data-element_type=\"container\" data-settings=\"{&quot;background_background&quot;:&quot;classic&quot;}\">\n\t\t\t\t\t<div class=\"e-con-inner\">\n\t\t\t\t<div class=\"elementor-element elementor-element-7aa0535 elementor-widget elementor-widget-heading\" data-id=\"7aa0535\" data-element_type=\"widget\" data-widget_type=\"heading.default\">\n\t\t\t\t<div class=\"elementor-widget-container\">\n\t\t\t<h3 class=\"elementor-heading-title elementor-size-default\">\u201c The wound is where the voice begins.\u201d<\/h3>\t\t<\/div>\n\t\t\t\t<\/div>\n\t\t\t\t\t<\/div>\n\t\t\t\t<\/div>\n\t\t<div class=\"elementor-element elementor-element-517a717 e-con-full elementor-hidden-tablet elementor-hidden-mobile e-flex wpr-particle-no wpr-jarallax-no wpr-parallax-no wpr-sticky-section-no e-con e-parent\" data-id=\"517a717\" data-element_type=\"container\" data-settings=\"{&quot;background_background&quot;:&quot;classic&quot;}\">\n\t\t\t\t<div class=\"elementor-element elementor-element-ecef5a5 elementor-widget elementor-widget-heading\" data-id=\"ecef5a5\" data-element_type=\"widget\" data-widget_type=\"heading.default\">\n\t\t\t\t<div class=\"elementor-widget-container\">\n\t\t\t<h2 class=\"elementor-heading-title elementor-size-default\">MAISON NIHIL<\/h2>\t\t<\/div>\n\t\t\t\t<\/div>\n\t\t\t\t<div class=\"elementor-element elementor-element-1c814cd elementor-widget elementor-widget-ekit-nav-menu\" data-id=\"1c814cd\" data-element_type=\"widget\" data-widget_type=\"ekit-nav-menu.default\">\n\t\t\t\t<div class=\"elementor-widget-container\">\n\t\t\t\t\t<div class=\"ekit-wid-con ekit_menu_responsive_tablet\" \n\t\t\tdata-hamburger-icon=\"\" \n\t\t\tdata-hamburger-icon-type=\"icon\" \n\t\t\tdata-responsive-breakpoint=\"1024\">\n\t\t\t            <button class=\"elementskit-menu-hamburger elementskit-menu-toggler\"  type=\"button\" aria-label=\"hamburger-icon\">\n                                    <span class=\"elementskit-menu-hamburger-icon\"><\/span><span class=\"elementskit-menu-hamburger-icon\"><\/span><span class=\"elementskit-menu-hamburger-icon\"><\/span>\n                            <\/button>\n            <div id=\"ekit-megamenu-new-footer\" class=\"elementskit-menu-container elementskit-menu-offcanvas-elements elementskit-navbar-nav-default ekit-nav-menu-one-page-no ekit-nav-dropdown-hover\"><ul id=\"menu-new-footer\" class=\"elementskit-navbar-nav elementskit-menu-po-left submenu-click-on-icon\"><li id=\"menu-item-2270\" class=\"menu-item menu-item-type-custom menu-item-object-custom menu-item-2270 nav-item elementskit-mobile-builder-content\" data-vertical-menu=\"750px\"><a href=\"https:\/\/www.instagram.com\/robertonihil\/\" class=\"ekit-menu-nav-link\" target=\"_blank\" rel=\"noopener\">Instagram<\/a><\/li>\n<li id=\"menu-item-2271\" class=\"menu-item menu-item-type-custom menu-item-object-custom menu-item-2271 nav-item elementskit-mobile-builder-content\" data-vertical-menu=\"750px\"><a href=\"https:\/\/open.spotify.com\/track\/32Dk8bigFL9KzmdRcd8YAc?si=hi2phvHCRRuCLpnFwF1m_w&#038;nd=1&#038;dlsi=39b47f87c4b94fc1\" class=\"ekit-menu-nav-link\" target=\"_blank\" rel=\"noopener\">Spotify<\/a><\/li>\n<li id=\"menu-item-2273\" class=\"menu-item menu-item-type-custom menu-item-object-custom menu-item-2273 nav-item elementskit-mobile-builder-content\" data-vertical-menu=\"750px\"><a href=\"https:\/\/www.robertonihil-psy.com\/en\/music-voice\/\" class=\"ekit-menu-nav-link\">Listen\/Watch\/Read<\/a><\/li>\n<li id=\"menu-item-2274\" class=\"menu-item menu-item-type-post_type menu-item-object-page menu-item-2274 nav-item elementskit-mobile-builder-content\" data-vertical-menu=\"750px\"><a href=\"https:\/\/www.robertonihil-psy.com\/en\/contact\/\" class=\"ekit-menu-nav-link\">Infos et Contact<\/a><\/li>\n<li id=\"menu-item-2275\" class=\"menu-item menu-item-type-post_type menu-item-object-page menu-item-2275 nav-item elementskit-mobile-builder-content\" data-vertical-menu=\"750px\"><a href=\"https:\/\/www.robertonihil-psy.com\/en\/booking-page\/\" class=\"ekit-menu-nav-link\">Booking page<\/a><\/li>\n<li id=\"menu-item-2837\" class=\"menu-item menu-item-type-post_type menu-item-object-page menu-item-2837 nav-item elementskit-mobile-builder-content\" data-vertical-menu=\"750px\"><a href=\"https:\/\/www.robertonihil-psy.com\/en\/blog\/\" class=\"ekit-menu-nav-link\">Blog<\/a><\/li>\n<\/ul><div class=\"elementskit-nav-identity-panel\">\n\t\t\t\t<div class=\"elementskit-site-title\">\n\t\t\t\t\t<a class=\"elementskit-nav-logo\" href=\"https:\/\/www.robertonihil-psy.com\/en\" target=\"_self\" rel=\"\">\n\t\t\t\t\t\t<img decoding=\"async\" src=\"\" title=\"\" alt=\"\" \/>\n\t\t\t\t\t<\/a> \n\t\t\t\t<\/div><button class=\"elementskit-menu-close elementskit-menu-toggler\" type=\"button\">X<\/button><\/div><\/div>\t\t\t\n\t\t\t<div class=\"elementskit-menu-overlay elementskit-menu-offcanvas-elements elementskit-menu-toggler ekit-nav-menu--overlay\"><\/div>\t\t<\/div>\n\t\t\t\t<\/div>\n\t\t\t\t<\/div>\n\t\t\t\t<\/div>\n\t\t<div class=\"elementor-element elementor-element-65defd1 e-con-full elementor-hidden-desktop e-flex wpr-particle-no wpr-jarallax-no wpr-parallax-no wpr-sticky-section-no e-con e-parent\" data-id=\"65defd1\" data-element_type=\"container\" data-settings=\"{&quot;background_background&quot;:&quot;classic&quot;}\">\n\t\t\t\t<div class=\"elementor-element elementor-element-6236e46 elementor-widget elementor-widget-heading\" data-id=\"6236e46\" data-element_type=\"widget\" data-widget_type=\"heading.default\">\n\t\t\t\t<div class=\"elementor-widget-container\">\n\t\t\t<h2 class=\"elementor-heading-title elementor-size-default\">MAISON NIHIL<\/h2>\t\t<\/div>\n\t\t\t\t<\/div>\n\t\t\t\t<div class=\"elementor-element elementor-element-73ffbcf elementor-widget elementor-widget-text-editor\" data-id=\"73ffbcf\" data-element_type=\"widget\" data-widget_type=\"text-editor.default\">\n\t\t\t\t<div class=\"elementor-widget-container\">\n\t\t\t\t\t\t\t<p><span dir=\"auto\" style=\"vertical-align: inherit;\"><span dir=\"auto\" style=\"vertical-align: inherit;\">INSTAGRAM<\/span><\/span><\/p>\t\t\t\t\t\t<\/div>\n\t\t\t\t<\/div>\n\t\t\t\t<div class=\"elementor-element elementor-element-2dc44e0 elementor-widget elementor-widget-text-editor\" data-id=\"2dc44e0\" data-element_type=\"widget\" data-widget_type=\"text-editor.default\">\n\t\t\t\t<div class=\"elementor-widget-container\">\n\t\t\t\t\t\t\t<p><a href=\"https:\/\/open.spotify.com\/track\/32Dk8bigFL9KzmdRcd8YAc?si=hi2phvHCRRuCLpnFwF1m_w&amp;nd=1&amp;dlsi=39b47f87c4b94fc1\" target=\"_blank\" rel=\"noopener\"><span dir=\"auto\" style=\"vertical-align: inherit;\"><span dir=\"auto\" style=\"vertical-align: inherit;\"><span dir=\"auto\" style=\"vertical-align: inherit;\"><span dir=\"auto\" style=\"vertical-align: inherit;\">SPOTIFY<\/span><\/span><\/span><\/span><\/a><\/p>\t\t\t\t\t\t<\/div>\n\t\t\t\t<\/div>\n\t\t\t\t<div class=\"elementor-element elementor-element-fadeb1f elementor-widget elementor-widget-text-editor\" data-id=\"fadeb1f\" data-element_type=\"widget\" data-widget_type=\"text-editor.default\">\n\t\t\t\t<div class=\"elementor-widget-container\">\n\t\t\t\t\t\t\t<p><span dir=\"auto\" style=\"vertical-align: inherit;\"><span dir=\"auto\" style=\"vertical-align: inherit;\">Newsletter (coming soon)<\/span><\/span><\/p>\t\t\t\t\t\t<\/div>\n\t\t\t\t<\/div>\n\t\t\t\t<div class=\"elementor-element elementor-element-7ef9a79 elementor-widget elementor-widget-text-editor\" data-id=\"7ef9a79\" data-element_type=\"widget\" data-widget_type=\"text-editor.default\">\n\t\t\t\t<div class=\"elementor-widget-container\">\n\t\t\t\t\t\t\t<p><a href=\"https:\/\/www.robertonihil-psy.com\/en\/music-voice\/\"><span dir=\"auto\" style=\"vertical-align: inherit;\"><span dir=\"auto\" style=\"vertical-align: inherit;\"><span dir=\"auto\" style=\"vertical-align: inherit;\"><span dir=\"auto\" style=\"vertical-align: inherit;\">LISTEN\/WATCH\/READ<\/span><\/span><\/span><\/span><\/a><\/p>\t\t\t\t\t\t<\/div>\n\t\t\t\t<\/div>\n\t\t\t\t<div class=\"elementor-element elementor-element-b9505cf elementor-widget elementor-widget-text-editor\" data-id=\"b9505cf\" data-element_type=\"widget\" data-widget_type=\"text-editor.default\">\n\t\t\t\t<div class=\"elementor-widget-container\">\n\t\t\t\t\t\t\t<p><a href=\"https:\/\/www.robertonihil-psy.com\/en\/booking-page\/\"><span dir=\"auto\" style=\"vertical-align: inherit;\"><span dir=\"auto\" style=\"vertical-align: inherit;\">BOOK A SESSION<\/span><\/span><\/a><\/p>\t\t\t\t\t\t<\/div>\n\t\t\t\t<\/div>\n\t\t\t\t<div class=\"elementor-element elementor-element-306e55e elementor-widget elementor-widget-text-editor\" data-id=\"306e55e\" data-element_type=\"widget\" data-widget_type=\"text-editor.default\">\n\t\t\t\t<div class=\"elementor-widget-container\">\n\t\t\t\t\t\t\t<p><a href=\"https:\/\/www.robertonihil-psy.com\/en\/contact\/\"><span dir=\"auto\" style=\"vertical-align: inherit;\"><span dir=\"auto\" style=\"vertical-align: inherit;\">CONTACT<\/span><\/span><\/a><\/p>\t\t\t\t\t\t<\/div>\n\t\t\t\t<\/div>\n\t\t\t\t<\/div>\n\t\t\t\t<\/div>","protected":false},"excerpt":{"rendered":"<p>MAISON NIHIL Intuition et existentialisme Musique et voix \u00c0 propos Hypnose et psychoth\u00e9rapie Contact X Hypnose &amp; Psychoth\u00e9rapie VOUS \u00caTES LA TRANSE. L&rsquo;hypnose comme miroir. La th\u00e9rapie comme m\u00e9tamorphose. Je propose des s\u00e9ances individuelles en cabinet priv\u00e9 \u00e0 Lausanne, avec un nombre limit\u00e9 de patient.e.s afin de pr\u00e9server le rythme et la continuit\u00e9 du travail. L\u2019accompagnement peut inclure :\u2013 TCC (niveau avanc\u00e9, supervision continue) ;\u2013 psychoth\u00e9rapie existentielle ;\u2013 hypnose clinique et hypnoses sur mesure ;\u2013 EMDR lorsque cela s\u2019int\u00e8gre naturellement ;\u2013 travail sur les trajectoires de vie et les transitions. S\u00e9ances priv\u00e9es Trances audio Conversations profondes \u201c La blessure est le lieu o\u00f9 commence la voix.\u201d MAISON NIHIL Instagram Spotify \u00c9couter\/Regarder\/Lire Contact Page de r\u00e9servation X MAISON NIHIL INSTAGRAM SPOTIFY Newsletter (coming soon) LISTEN\/WATCH\/READ BOOK A SESSION CONTACT<\/p>","protected":false},"author":2,"featured_media":0,"parent":0,"menu_order":0,"comment_status":"closed","ping_status":"closed","template":"elementor_canvas","meta":{"footnotes":""},"class_list":["post-2075","page","type-page","status-publish","hentry"],"rttpg_featured_image_url":null,"rttpg_author":{"display_name":"Robert","author_link":"https:\/\/www.robertonihil-psy.com\/en\/author\/robert\/"},"rttpg_comment":0,"rttpg_category":null,"rttpg_excerpt":"MAISON NIHIL Intuition et existentialisme Musique et voix \u00c0 propos Hypnose et psychoth\u00e9rapie Contact X Hypnose &amp; Psychoth\u00e9rapie VOUS \u00caTES LA TRANSE. L&rsquo;hypnose comme miroir. La th\u00e9rapie comme m\u00e9tamorphose. Je propose des s\u00e9ances individuelles en cabinet priv\u00e9 \u00e0 Lausanne, avec un nombre limit\u00e9 de patient.e.s afin de pr\u00e9server le rythme et la continuit\u00e9 du travail.&hellip;","_links":{"self":[{"href":"https:\/\/www.robertonihil-psy.com\/en\/wp-json\/wp\/v2\/pages\/2075","targetHints":{"allow":["GET"]}}],"collection":[{"href":"https:\/\/www.robertonihil-psy.com\/en\/wp-json\/wp\/v2\/pages"}],"about":[{"href":"https:\/\/www.robertonihil-psy.com\/en\/wp-json\/wp\/v2\/types\/page"}],"author":[{"embeddable":true,"href":"https:\/\/www.robertonihil-psy.com\/en\/wp-json\/wp\/v2\/users\/2"}],"replies":[{"embeddable":true,"href":"https:\/\/www.robertonihil-psy.com\/en\/wp-json\/wp\/v2\/comments?post=2075"}],"version-history":[{"count":47,"href":"https:\/\/www.robertonihil-psy.com\/en\/wp-json\/wp\/v2\/pages\/2075\/revisions"}],"predecessor-version":[{"id":2782,"href":"https:\/\/www.robertonihil-psy.com\/en\/wp-json\/wp\/v2\/pages\/2075\/revisions\/2782"}],"wp:attachment":[{"href":"https:\/\/www.robertonihil-psy.com\/en\/wp-json\/wp\/v2\/media?parent=2075"}],"curies":[{"name":"wp","href":"https:\/\/api.w.org\/{rel}","templated":true}]}}