{"id":2094,"date":"2025-09-10T03:41:07","date_gmt":"2025-09-10T03:41:07","guid":{"rendered":"https:\/\/www.robertonihil-psy.com\/?page_id=2094"},"modified":"2025-09-28T15:21:59","modified_gmt":"2025-09-28T15:21:59","slug":"intuition-existentialism","status":"publish","type":"page","link":"https:\/\/www.robertonihil-psy.com\/en\/intuition-existentialism\/","title":{"rendered":"Intuition &#038; Existentialism"},"content":{"rendered":"<div data-elementor-type=\"wp-page\" data-elementor-id=\"2094\" class=\"elementor elementor-2094\">\n\t\t\t\t<div class=\"elementor-element elementor-element-03ae110 e-flex e-con-boxed wpr-particle-no wpr-jarallax-no wpr-parallax-no wpr-sticky-section-no e-con e-parent\" data-id=\"03ae110\" data-element_type=\"container\" data-settings=\"{&quot;background_background&quot;:&quot;classic&quot;}\">\n\t\t\t\t\t<div class=\"e-con-inner\">\n\t\t\t\t<div class=\"elementor-element elementor-element-d5a5f3d elementor-widget elementor-widget-heading\" data-id=\"d5a5f3d\" data-element_type=\"widget\" data-widget_type=\"heading.default\">\n\t\t\t\t<div class=\"elementor-widget-container\">\n\t\t\t<h1 class=\"elementor-heading-title elementor-size-default\">\nIntuition and Existentialism<\/h1>\t\t<\/div>\n\t\t\t\t<\/div>\n\t\t\t\t<div class=\"elementor-element elementor-element-f84583a elementor-widget elementor-widget-text-editor\" data-id=\"f84583a\" data-element_type=\"widget\" data-widget_type=\"text-editor.default\">\n\t\t\t\t<div class=\"elementor-widget-container\">\n\t\t\t\t\t\t\t<pre id=\"tw-target-text\" class=\"tw-data-text tw-text-large tw-ta\" dir=\"ltr\" tabindex=\"-1\" role=\"text\" data-placeholder=\"Translation\" data-ved=\"2ahUKEwibhbDvtvWPAxXUFVkFHdv3PDcQ3ewLegQIDBAV\" aria-label=\"Translated text: Des outils existentiels con\u00e7us pour accompagner ceux qui remettent profond\u00e9ment en question leur trajectoire de vie.\">Existentialist tools designed as companions for those drawn to\nsolitude, reflection, and the search for deeper meaning.<\/pre>\t\t\t\t\t\t<\/div>\n\t\t\t\t<\/div>\n\t\t\t\t\t<\/div>\n\t\t\t\t<\/div>\n\t\t<div class=\"elementor-element elementor-element-487298d e-flex e-con-boxed wpr-particle-no wpr-jarallax-no wpr-parallax-no wpr-sticky-section-no e-con e-parent\" data-id=\"487298d\" data-element_type=\"container\" data-settings=\"{&quot;background_background&quot;:&quot;classic&quot;}\">\n\t\t\t\t\t<div class=\"e-con-inner\">\n\t\t<div class=\"elementor-element elementor-element-27336de e-con-full e-flex wpr-particle-no wpr-jarallax-no wpr-parallax-no wpr-sticky-section-no e-con e-child\" data-id=\"27336de\" data-element_type=\"container\">\n\t\t\t\t<div class=\"elementor-element elementor-element-7b1dd95 elementor-widget elementor-widget-heading\" data-id=\"7b1dd95\" data-element_type=\"widget\" data-widget_type=\"heading.default\">\n\t\t\t\t<div class=\"elementor-widget-container\">\n\t\t\t<h2 class=\"elementor-heading-title elementor-size-default\">Existential Therapy<\/h2>\t\t<\/div>\n\t\t\t\t<\/div>\n\t\t\t\t<div class=\"elementor-element elementor-element-91e9d10 elementor-widget elementor-widget-text-editor\" data-id=\"91e9d10\" data-element_type=\"widget\" data-widget_type=\"text-editor.default\">\n\t\t\t\t<div class=\"elementor-widget-container\">\n\t\t\t\t\t\t\t<p>Existentialist therapy is a practice\nthat addresses challenges related to\nmortality, anxiety \u2014 and isolation,\nto engage \u2014 in discovering\npurpose and freedom.<\/p>\t\t\t\t\t\t<\/div>\n\t\t\t\t<\/div>\n\t\t\t\t<\/div>\n\t\t<div class=\"elementor-element elementor-element-f8b3185 e-con-full e-flex wpr-particle-no wpr-jarallax-no wpr-parallax-no wpr-sticky-section-no e-con e-child\" data-id=\"f8b3185\" data-element_type=\"container\">\n\t\t\t\t<div class=\"elementor-element elementor-element-61564f5 elementor-widget elementor-widget-image\" data-id=\"61564f5\" data-element_type=\"widget\" data-widget_type=\"image.default\">\n\t\t\t\t<div class=\"elementor-widget-container\">\n\t\t\t\t\t\t\t\t\t\t\t\t\t<img fetchpriority=\"high\" decoding=\"async\" width=\"1451\" height=\"2560\" src=\"https:\/\/www.robertonihil-psy.com\/wp-content\/uploads\/2024\/09\/2-1.jpg\" class=\"attachment-full size-full wp-image-1233\" alt=\"\" srcset=\"https:\/\/www.robertonihil-psy.com\/wp-content\/uploads\/2024\/09\/2-1.jpg 1451w, https:\/\/www.robertonihil-psy.com\/wp-content\/uploads\/2024\/09\/2-1-170x300.jpg 170w, https:\/\/www.robertonihil-psy.com\/wp-content\/uploads\/2024\/09\/2-1-580x1024.jpg 580w, https:\/\/www.robertonihil-psy.com\/wp-content\/uploads\/2024\/09\/2-1-768x1355.jpg 768w, https:\/\/www.robertonihil-psy.com\/wp-content\/uploads\/2024\/09\/2-1-871x1536.jpg 871w, https:\/\/www.robertonihil-psy.com\/wp-content\/uploads\/2024\/09\/2-1-1161x2048.jpg 1161w, https:\/\/www.robertonihil-psy.com\/wp-content\/uploads\/2024\/09\/2-1-7x12.jpg 7w\" sizes=\"(max-width: 1451px) 100vw, 1451px\" \/>\t\t\t\t\t\t\t\t\t\t\t\t\t<\/div>\n\t\t\t\t<\/div>\n\t\t\t\t<\/div>\n\t\t\t\t\t<\/div>\n\t\t\t\t<\/div>\n\t\t<div class=\"elementor-element elementor-element-c05e1e8 e-flex e-con-boxed wpr-particle-no wpr-jarallax-no wpr-parallax-no wpr-sticky-section-no e-con e-parent\" data-id=\"c05e1e8\" data-element_type=\"container\" data-settings=\"{&quot;background_background&quot;:&quot;classic&quot;}\">\n\t\t\t\t\t<div class=\"e-con-inner\">\n\t\t\t\t<div class=\"elementor-element elementor-element-677e087 elementor-widget elementor-widget-heading\" data-id=\"677e087\" data-element_type=\"widget\" data-widget_type=\"heading.default\">\n\t\t\t\t<div class=\"elementor-widget-container\">\n\t\t\t<h3 class=\"elementor-heading-title elementor-size-default\">\" Une vie qui m\u00e9rite d\u2019\u00eatre v\u00e9cue est une vie examin\u00e9e. \"\n\u2014 Socrate (A life worth living is a well examined life)<\/h3>\t\t<\/div>\n\t\t\t\t<\/div>\n\t\t\t\t\t<\/div>\n\t\t\t\t<\/div>\n\t\t\t\t<\/div>","protected":false},"excerpt":{"rendered":"<p>Intuition et existentialisme Des outils existentiels con\u00e7us pour accompagner celles et ceux qui se questionnent en profondeur sur leur trajectoire de vie. Th\u00e9rapie existentielle La th\u00e9rapie existentielle est une pratique qui aborde les d\u00e9fis li\u00e9s \u00e0 la mortalit\u00e9, \u00e0 l\u2019anxi\u00e9t\u00e9 et \u00e0 l\u2019isolement, afin d\u2019ouvrir un chemin vers une vie examin\u00e9e et personnalis\u00e9e. \u00a0\u00bb Une vie qui m\u00e9rite d\u2019\u00eatre v\u00e9cue est une vie examin\u00e9e. \u00ab\u00a0 \u2014 Socrate (A life worth living is a well examined life)<\/p>","protected":false},"author":2,"featured_media":0,"parent":0,"menu_order":0,"comment_status":"closed","ping_status":"closed","template":"elementor_header_footer","meta":{"footnotes":""},"class_list":["post-2094","page","type-page","status-publish","hentry"],"rttpg_featured_image_url":null,"rttpg_author":{"display_name":"Robert","author_link":"https:\/\/www.robertonihil-psy.com\/en\/author\/robert\/"},"rttpg_comment":0,"rttpg_category":null,"rttpg_excerpt":"Intuition et existentialisme Des outils existentiels con\u00e7us pour accompagner celles et ceux qui se questionnent en profondeur sur leur trajectoire de vie. Th\u00e9rapie existentielle La th\u00e9rapie existentielle est une pratique qui aborde les d\u00e9fis li\u00e9s \u00e0 la mortalit\u00e9, \u00e0 l\u2019anxi\u00e9t\u00e9 et \u00e0 l\u2019isolement, afin d\u2019ouvrir un chemin vers une vie examin\u00e9e et personnalis\u00e9e. \u00a0\u00bb Une&hellip;","_links":{"self":[{"href":"https:\/\/www.robertonihil-psy.com\/en\/wp-json\/wp\/v2\/pages\/2094","targetHints":{"allow":["GET"]}}],"collection":[{"href":"https:\/\/www.robertonihil-psy.com\/en\/wp-json\/wp\/v2\/pages"}],"about":[{"href":"https:\/\/www.robertonihil-psy.com\/en\/wp-json\/wp\/v2\/types\/page"}],"author":[{"embeddable":true,"href":"https:\/\/www.robertonihil-psy.com\/en\/wp-json\/wp\/v2\/users\/2"}],"replies":[{"embeddable":true,"href":"https:\/\/www.robertonihil-psy.com\/en\/wp-json\/wp\/v2\/comments?post=2094"}],"version-history":[{"count":35,"href":"https:\/\/www.robertonihil-psy.com\/en\/wp-json\/wp\/v2\/pages\/2094\/revisions"}],"predecessor-version":[{"id":2861,"href":"https:\/\/www.robertonihil-psy.com\/en\/wp-json\/wp\/v2\/pages\/2094\/revisions\/2861"}],"wp:attachment":[{"href":"https:\/\/www.robertonihil-psy.com\/en\/wp-json\/wp\/v2\/media?parent=2094"}],"curies":[{"name":"wp","href":"https:\/\/api.w.org\/{rel}","templated":true}]}}