{"id":2103,"date":"2025-09-03T11:44:23","date_gmt":"2025-09-03T11:44:23","guid":{"rendered":"https:\/\/www.robertonihil-psy.com\/?page_id=2103"},"modified":"2025-09-28T15:22:55","modified_gmt":"2025-09-28T15:22:55","slug":"music-voice","status":"publish","type":"page","link":"https:\/\/www.robertonihil-psy.com\/en\/music-voice\/","title":{"rendered":"Music &#038; Voice"},"content":{"rendered":"<div data-elementor-type=\"wp-page\" data-elementor-id=\"2103\" class=\"elementor elementor-2103\">\n\t\t\t\t<div class=\"elementor-element elementor-element-341a997 e-flex e-con-boxed wpr-particle-no wpr-jarallax-no wpr-parallax-no wpr-sticky-section-no e-con e-parent\" data-id=\"341a997\" data-element_type=\"container\" data-settings=\"{&quot;background_background&quot;:&quot;classic&quot;}\">\n\t\t\t\t\t<div class=\"e-con-inner\">\n\t\t\t\t<div class=\"elementor-element elementor-element-4900b96 elementor-widget elementor-widget-heading\" data-id=\"4900b96\" data-element_type=\"widget\" data-widget_type=\"heading.default\">\n\t\t\t\t<div class=\"elementor-widget-container\">\n\t\t\t<h1 class=\"elementor-heading-title elementor-size-default\">MUSIC &amp; VOICE<\/h1>\t\t<\/div>\n\t\t\t\t<\/div>\n\t\t\t\t<div class=\"elementor-element elementor-element-a346239 elementor-widget elementor-widget-heading\" data-id=\"a346239\" data-element_type=\"widget\" data-widget_type=\"heading.default\">\n\t\t\t\t<div class=\"elementor-widget-container\">\n\t\t\t<h3 class=\"elementor-heading-title elementor-size-default\">Original music and sonic journeys designed to deepen awareness.<\/h3>\t\t<\/div>\n\t\t\t\t<\/div>\n\t\t\t\t<div class=\"elementor-element elementor-element-8f67a98 elementor-widget elementor-widget-image\" data-id=\"8f67a98\" data-element_type=\"widget\" data-widget_type=\"image.default\">\n\t\t\t\t<div class=\"elementor-widget-container\">\n\t\t\t\t\t\t\t\t\t\t\t\t\t<img fetchpriority=\"high\" decoding=\"async\" width=\"1600\" height=\"1067\" src=\"https:\/\/www.robertonihil-psy.com\/wp-content\/uploads\/2025\/09\/Roberto-113-min.jpg\" class=\"attachment-full size-full wp-image-2383\" alt=\"\" srcset=\"https:\/\/www.robertonihil-psy.com\/wp-content\/uploads\/2025\/09\/Roberto-113-min.jpg 1600w, https:\/\/www.robertonihil-psy.com\/wp-content\/uploads\/2025\/09\/Roberto-113-min-300x200.jpg 300w, https:\/\/www.robertonihil-psy.com\/wp-content\/uploads\/2025\/09\/Roberto-113-min-1024x683.jpg 1024w, https:\/\/www.robertonihil-psy.com\/wp-content\/uploads\/2025\/09\/Roberto-113-min-768x512.jpg 768w, https:\/\/www.robertonihil-psy.com\/wp-content\/uploads\/2025\/09\/Roberto-113-min-1536x1024.jpg 1536w, https:\/\/www.robertonihil-psy.com\/wp-content\/uploads\/2025\/09\/Roberto-113-min-18x12.jpg 18w, https:\/\/www.robertonihil-psy.com\/wp-content\/uploads\/2025\/09\/Roberto-113-min-1320x880.jpg 1320w\" sizes=\"(max-width: 1600px) 100vw, 1600px\" \/>\t\t\t\t\t\t\t\t\t\t\t\t\t<\/div>\n\t\t\t\t<\/div>\n\t\t\t\t<div class=\"elementor-element elementor-element-1769f7c elementor-widget elementor-widget-heading\" data-id=\"1769f7c\" data-element_type=\"widget\" data-widget_type=\"heading.default\">\n\t\t\t\t<div class=\"elementor-widget-container\">\n\t\t\t<h3 class=\"elementor-heading-title elementor-size-default\">Roberto Nihil<\/h3>\t\t<\/div>\n\t\t\t\t<\/div>\n\t\t\t\t<div class=\"elementor-element elementor-element-f0b1585 elementor-widget elementor-widget-text-editor\" data-id=\"f0b1585\" data-element_type=\"widget\" data-widget_type=\"text-editor.default\">\n\t\t\t\t<div class=\"elementor-widget-container\">\n\t\t\t\t\t\t\t<p>Mar\u00e9e noire<\/p>\t\t\t\t\t\t<\/div>\n\t\t\t\t<\/div>\n\t\t\t\t<div class=\"elementor-element elementor-element-cab2e2c wpr-button-icon-style-inline wpr-button-icon-position-right elementor-widget elementor-widget-wpr-button\" data-id=\"cab2e2c\" data-element_type=\"widget\" data-widget_type=\"wpr-button.default\">\n\t\t\t\t<div class=\"elementor-widget-container\">\n\t\t\t\t\n\t\t\t\n\t\t\n\t\t<div class=\"wpr-button-wrap elementor-clearfix\">\n\t\t<a class=\"wpr-button wpr-button-effect wpr-button-none\" data-text=\"Go\" href=\"https:\/\/open.spotify.com\/track\/32Dk8bigFL9KzmdRcd8YAc?si=hi2phvHCRRuCLpnFwF1m_w&#038;nd=1&#038;dlsi=39b47f87c4b94fc1\" target=\"_blank\" rel=\"noopener\">\n\t\t\t\n\t\t\t<span class=\"wpr-button-content\">\n\t\t\t\t\t\t\t\t\t<span class=\"wpr-button-text\">\u00c9couter sur Spotify<\/span>\n\t\t\t\t\t\t\t\t\n\t\t\t\t\t\t\t<\/span>\n\t\t<\/a>\n\n\t\t\t\t<\/div>\n\t\n\t\n\t\t\t<\/div>\n\t\t\t\t<\/div>\n\t\t\t\t<div class=\"elementor-element elementor-element-1052793 elementor-widget elementor-widget-heading\" data-id=\"1052793\" data-element_type=\"widget\" data-widget_type=\"heading.default\">\n\t\t\t\t<div class=\"elementor-widget-container\">\n\t\t\t<h2 class=\"elementor-heading-title elementor-size-default\">Selected Playlists<\/h2>\t\t<\/div>\n\t\t\t\t<\/div>\n\t\t\t\t<div class=\"elementor-element elementor-element-894f670 elementor-widget elementor-widget-heading\" data-id=\"894f670\" data-element_type=\"widget\" data-widget_type=\"heading.default\">\n\t\t\t\t<div class=\"elementor-widget-container\">\n\t\t\t<h2 class=\"elementor-heading-title elementor-size-default\">to be announced<\/h2>\t\t<\/div>\n\t\t\t\t<\/div>\n\t\t\t\t\t<\/div>\n\t\t\t\t<\/div>\n\t\t<div class=\"elementor-element elementor-element-28d9428 e-flex e-con-boxed wpr-particle-no wpr-jarallax-no wpr-parallax-no wpr-sticky-section-no e-con e-parent\" data-id=\"28d9428\" data-element_type=\"container\" data-settings=\"{&quot;background_background&quot;:&quot;classic&quot;}\">\n\t\t\t\t\t<div class=\"e-con-inner\">\n\t\t<div class=\"elementor-element elementor-element-77a66ef e-con-full e-flex wpr-particle-no wpr-jarallax-no wpr-parallax-no wpr-sticky-section-no e-con e-child\" data-id=\"77a66ef\" data-element_type=\"container\">\n\t\t\t\t<div class=\"elementor-element elementor-element-f452f2e elementor-widget elementor-widget-heading\" data-id=\"f452f2e\" data-element_type=\"widget\" data-widget_type=\"heading.default\">\n\t\t\t\t<div class=\"elementor-widget-container\">\n\t\t\t<h2 class=\"elementor-heading-title elementor-size-default\">HYPNOSIS AUDIO<\/h2>\t\t<\/div>\n\t\t\t\t<\/div>\n\t\t\t\t<div class=\"elementor-element elementor-element-d3b00f6 elementor-widget elementor-widget-image\" data-id=\"d3b00f6\" data-element_type=\"widget\" data-widget_type=\"image.default\">\n\t\t\t\t<div class=\"elementor-widget-container\">\n\t\t\t\t\t\t\t\t\t\t\t\t\t<img decoding=\"async\" src=\"https:\/\/www.robertonihil-psy.com\/wp-content\/uploads\/2025\/09\/u9735852774_haute_couture_elegant_male_pop_singer_suit_inspired_f7d8fb23-7500-4360-b00d-e93c0d80b0ee-min.png\" class=\"attachment-full size-full wp-image-2379\" alt=\"\" \/>\t\t\t\t\t\t\t\t\t\t\t\t\t<\/div>\n\t\t\t\t<\/div>\n\t\t\t\t<\/div>\n\t\t\t\t<div class=\"elementor-element elementor-element-8ab3d3e elementor-widget elementor-widget-heading\" data-id=\"8ab3d3e\" data-element_type=\"widget\" data-widget_type=\"heading.default\">\n\t\t\t\t<div class=\"elementor-widget-container\">\n\t\t\t<h2 class=\"elementor-heading-title elementor-size-default\">to be announced<\/h2>\t\t<\/div>\n\t\t\t\t<\/div>\n\t\t\t\t\t<\/div>\n\t\t\t\t<\/div>\n\t\t\t\t<\/div>","protected":false},"excerpt":{"rendered":"<p>Musique &amp; Audio Des compositions originales et des voyages sonores con\u00e7us pour approfondir la conscience. Roberto Nihil Mar\u00e9e noire \u00c9couter sur Spotify Playlists s\u00e9lectionn\u00e9es \u00c0 venir Audio d\u2019hypnose \u00c0 venir<\/p>","protected":false},"author":2,"featured_media":0,"parent":0,"menu_order":0,"comment_status":"closed","ping_status":"closed","template":"elementor_header_footer","meta":{"footnotes":""},"class_list":["post-2103","page","type-page","status-publish","hentry"],"rttpg_featured_image_url":null,"rttpg_author":{"display_name":"Robert","author_link":"https:\/\/www.robertonihil-psy.com\/en\/author\/robert\/"},"rttpg_comment":0,"rttpg_category":null,"rttpg_excerpt":"Musique &amp; Audio Des compositions originales et des voyages sonores con\u00e7us pour approfondir la conscience. Roberto Nihil Mar\u00e9e noire \u00c9couter sur Spotify Playlists s\u00e9lectionn\u00e9es \u00c0 venir Audio d\u2019hypnose \u00c0 venir","_links":{"self":[{"href":"https:\/\/www.robertonihil-psy.com\/en\/wp-json\/wp\/v2\/pages\/2103","targetHints":{"allow":["GET"]}}],"collection":[{"href":"https:\/\/www.robertonihil-psy.com\/en\/wp-json\/wp\/v2\/pages"}],"about":[{"href":"https:\/\/www.robertonihil-psy.com\/en\/wp-json\/wp\/v2\/types\/page"}],"author":[{"embeddable":true,"href":"https:\/\/www.robertonihil-psy.com\/en\/wp-json\/wp\/v2\/users\/2"}],"replies":[{"embeddable":true,"href":"https:\/\/www.robertonihil-psy.com\/en\/wp-json\/wp\/v2\/comments?post=2103"}],"version-history":[{"count":42,"href":"https:\/\/www.robertonihil-psy.com\/en\/wp-json\/wp\/v2\/pages\/2103\/revisions"}],"predecessor-version":[{"id":2546,"href":"https:\/\/www.robertonihil-psy.com\/en\/wp-json\/wp\/v2\/pages\/2103\/revisions\/2546"}],"wp:attachment":[{"href":"https:\/\/www.robertonihil-psy.com\/en\/wp-json\/wp\/v2\/media?parent=2103"}],"curies":[{"name":"wp","href":"https:\/\/api.w.org\/{rel}","templated":true}]}}