{"id":2116,"date":"2025-08-19T03:55:18","date_gmt":"2025-08-19T03:55:18","guid":{"rendered":"https:\/\/www.robertonihil-psy.com\/?page_id=2116"},"modified":"2025-12-15T02:16:04","modified_gmt":"2025-12-15T02:16:04","slug":"about","status":"publish","type":"page","link":"https:\/\/www.robertonihil-psy.com\/en\/about\/","title":{"rendered":"About"},"content":{"rendered":"<div data-elementor-type=\"wp-page\" data-elementor-id=\"2116\" class=\"elementor elementor-2116\">\n\t\t\t\t<div class=\"elementor-element elementor-element-0fa808f e-flex e-con-boxed wpr-particle-no wpr-jarallax-no wpr-parallax-no wpr-sticky-section-no e-con e-parent\" data-id=\"0fa808f\" data-element_type=\"container\" data-settings=\"{&quot;background_background&quot;:&quot;classic&quot;}\">\n\t\t\t\t\t<div class=\"e-con-inner\">\n\t\t\t\t<div class=\"elementor-element elementor-element-1521f02 elementor-widget elementor-widget-heading\" data-id=\"1521f02\" data-element_type=\"widget\" data-widget_type=\"heading.default\">\n\t\t\t\t<div class=\"elementor-widget-container\">\n\t\t\t<h1 class=\"elementor-heading-title elementor-size-default\">ABOUT<\/h1>\t\t<\/div>\n\t\t\t\t<\/div>\n\t\t\t\t<div class=\"elementor-element elementor-element-27fb994 elementor-widget elementor-widget-text-editor\" data-id=\"27fb994\" data-element_type=\"widget\" data-widget_type=\"text-editor.default\">\n\t\t\t\t<div class=\"elementor-widget-container\">\n\t\t\t\t\t\t\t<p>Designer of inner worlds. Hypnotherapist.\nBehavioural psychologist. Artist of silence.<\/p>\t\t\t\t\t\t<\/div>\n\t\t\t\t<\/div>\n\t\t\t\t<div class=\"elementor-element elementor-element-d1b4791 elementor-widget elementor-widget-heading\" data-id=\"d1b4791\" data-element_type=\"widget\" data-widget_type=\"heading.default\">\n\t\t\t\t<div class=\"elementor-widget-container\">\n\t\t\t<h2 class=\"elementor-heading-title elementor-size-default\">Roberto Nihil<\/h2>\t\t<\/div>\n\t\t\t\t<\/div>\n\t\t\t\t<div class=\"elementor-element elementor-element-b25872b elementor-widget__width-initial elementor-widget-mobile__width-inherit elementor-widget elementor-widget-text-editor\" data-id=\"b25872b\" data-element_type=\"widget\" data-widget_type=\"text-editor.default\">\n\t\t\t\t<div class=\"elementor-widget-container\">\n\t\t\t\t\t\t\t<p>I am a psychologist and licensed psychotherapist (FSP), trained in existential psychotherapy, CBT, clinical hypnosis and career counselling.<br \/>I trained with IRHyS in French-speaking Switzerland and am a member of the <strong>Swiss Society of Hypnosis (SHYPS).<\/strong>Hypnosis is an integral part of my work, offering a sensory, imaginal and deeper access to what is shifting beneath the surface.<\/p><p>My background also includes training in the UK focused on LGBTQIA+ lived realities and EMDR training in North America with EMDRIA-affiliated specialists.<\/p><p>Je re\u00e7ois des adultes qui souhaitent explorer ce qui se r\u00e9p\u00e8te, ce qui s\u2019essouffle, ce qui demande \u00e0 \u00eatre d\u00e9plac\u00e9.<br \/>L\u2019approche existentielle permet de situer ces v\u00e9cus dans une perspective plus large ; la TCC apporte un cadre m\u00e9thodique ; l\u2019hypnose clinique ouvre une autre mani\u00e8re d\u2019aborder la m\u00e9moire, le corps et les zones plus silencieuses de l\u2019exp\u00e9rience.<\/p><p>Alongside clinical work, I write, draw and compose. These artistic practices influence the way I listen and accompany others: attentive to nuance, tension, imagery and the movements between depth and lightness.<\/p><p><br \/>Maison Nihil brings these elements together: care, reflection and creation.<\/p>\t\t\t\t\t\t<\/div>\n\t\t\t\t<\/div>\n\t\t\t\t\t<\/div>\n\t\t\t\t<\/div>\n\t\t\t\t<\/div>","protected":false},"excerpt":{"rendered":"<p>\u00c0 Propos Designer des mondes int\u00e9rieurs. Hypnoth\u00e9rapeute. Psychologue psychoth\u00e9rapeute comportementaliste FSP. Artiste du silence. Roberto Nihil Je suis psychologue-psychoth\u00e9rapeute FSP, form\u00e9 en psychoth\u00e9rapie existentielle, en TCC, en hypnose clinique et en conseil d\u2019orientation et carri\u00e8re.Je me suis form\u00e9 aupr\u00e8s de l\u2019IRHyS en Suisse romande et je suis membre de la Soci\u00e9t\u00e9 Suisse d\u2019Hypnose (SHYPS). L\u2019hypnose fait partie int\u00e9grante de ma mani\u00e8re de travailler : un acc\u00e8s sensible, imag\u00e9 et profond \u00e0 ce qui se transforme sans toujours se formuler. Mon parcours inclut \u00e9galement des formations au Royaume-Uni autour des v\u00e9cus LGBTQIA+ ainsi qu\u2019un entra\u00eenement EMDR en Am\u00e9rique du Nord aupr\u00e8s de sp\u00e9cialistes affili\u00e9s \u00e0 EMDRIA. Je re\u00e7ois des adultes qui souhaitent explorer ce qui se r\u00e9p\u00e8te, ce qui s\u2019essouffle, ce qui demande \u00e0 \u00eatre d\u00e9plac\u00e9.L\u2019approche existentielle permet de situer ces v\u00e9cus dans une perspective plus large ; la TCC apporte un cadre m\u00e9thodique ; l\u2019hypnose clinique ouvre une autre mani\u00e8re d\u2019aborder la m\u00e9moire, le corps et les zones plus silencieuses de l\u2019exp\u00e9rience. \u00c0 c\u00f4t\u00e9 de la clinique, j\u2019\u00e9cris, je dessine et je compose. Cette dimension artistique influence ma mani\u00e8re d\u2019\u00e9couter et d\u2019accompagner : une attention aux nuances, aux images int\u00e9rieures, aux tensions, et aux espaces entre gravit\u00e9 et l\u00e9g\u00e8ret\u00e9. Maison Nihil relie ces aspects : soin, r\u00e9flexion et cr\u00e9ation.<\/p>","protected":false},"author":2,"featured_media":0,"parent":0,"menu_order":0,"comment_status":"closed","ping_status":"closed","template":"elementor_header_footer","meta":{"footnotes":""},"class_list":["post-2116","page","type-page","status-publish","hentry"],"rttpg_featured_image_url":null,"rttpg_author":{"display_name":"Robert","author_link":"https:\/\/www.robertonihil-psy.com\/en\/author\/robert\/"},"rttpg_comment":0,"rttpg_category":null,"rttpg_excerpt":"\u00c0 Propos Designer des mondes int\u00e9rieurs. Hypnoth\u00e9rapeute. Psychologue psychoth\u00e9rapeute comportementaliste FSP. Artiste du silence. Roberto Nihil Je suis psychologue-psychoth\u00e9rapeute FSP, form\u00e9 en psychoth\u00e9rapie existentielle, en TCC, en hypnose clinique et en conseil d\u2019orientation et carri\u00e8re.Je me suis form\u00e9 aupr\u00e8s de l\u2019IRHyS en Suisse romande et je suis membre de la Soci\u00e9t\u00e9 Suisse d\u2019Hypnose (SHYPS). L\u2019hypnose&hellip;","_links":{"self":[{"href":"https:\/\/www.robertonihil-psy.com\/en\/wp-json\/wp\/v2\/pages\/2116","targetHints":{"allow":["GET"]}}],"collection":[{"href":"https:\/\/www.robertonihil-psy.com\/en\/wp-json\/wp\/v2\/pages"}],"about":[{"href":"https:\/\/www.robertonihil-psy.com\/en\/wp-json\/wp\/v2\/types\/page"}],"author":[{"embeddable":true,"href":"https:\/\/www.robertonihil-psy.com\/en\/wp-json\/wp\/v2\/users\/2"}],"replies":[{"embeddable":true,"href":"https:\/\/www.robertonihil-psy.com\/en\/wp-json\/wp\/v2\/comments?post=2116"}],"version-history":[{"count":39,"href":"https:\/\/www.robertonihil-psy.com\/en\/wp-json\/wp\/v2\/pages\/2116\/revisions"}],"predecessor-version":[{"id":2721,"href":"https:\/\/www.robertonihil-psy.com\/en\/wp-json\/wp\/v2\/pages\/2116\/revisions\/2721"}],"wp:attachment":[{"href":"https:\/\/www.robertonihil-psy.com\/en\/wp-json\/wp\/v2\/media?parent=2116"}],"curies":[{"name":"wp","href":"https:\/\/api.w.org\/{rel}","templated":true}]}}