{"id":2124,"date":"2025-09-09T19:21:32","date_gmt":"2025-09-09T19:21:32","guid":{"rendered":"https:\/\/www.robertonihil-psy.com\/?page_id=2124"},"modified":"2025-12-22T03:53:48","modified_gmt":"2025-12-22T03:53:48","slug":"contact","status":"publish","type":"page","link":"https:\/\/www.robertonihil-psy.com\/en\/contact\/","title":{"rendered":"Infos and Contact"},"content":{"rendered":"<div data-elementor-type=\"wp-page\" data-elementor-id=\"2124\" class=\"elementor elementor-2124\">\n\t\t\t\t<div class=\"elementor-element elementor-element-05e1066 e-flex e-con-boxed wpr-particle-no wpr-jarallax-no wpr-parallax-no wpr-sticky-section-no e-con e-parent\" data-id=\"05e1066\" data-element_type=\"container\" data-settings=\"{&quot;background_background&quot;:&quot;classic&quot;}\">\n\t\t\t\t\t<div class=\"e-con-inner\">\n\t\t\t\t<div class=\"elementor-element elementor-element-e8b0c2c elementor-widget elementor-widget-heading\" data-id=\"e8b0c2c\" data-element_type=\"widget\" data-widget_type=\"heading.default\">\n\t\t\t\t<div class=\"elementor-widget-container\">\n\t\t\t<h1 class=\"elementor-heading-title elementor-size-default\">CONTACT<\/h1>\t\t<\/div>\n\t\t\t\t<\/div>\n\t\t\t\t<div class=\"elementor-element elementor-element-724f22c elementor-widget elementor-widget-text-editor\" data-id=\"724f22c\" data-element_type=\"widget\" data-widget_type=\"text-editor.default\">\n\t\t\t\t<div class=\"elementor-widget-container\">\n\t\t\t\t\t\t\t<p>For collaborations, sessions, orders or silent questions.<\/p>\t\t\t\t\t\t<\/div>\n\t\t\t\t<\/div>\n\t\t\t\t<div class=\"elementor-element elementor-element-7c51e84 elementor-widget elementor-widget-heading\" data-id=\"7c51e84\" data-element_type=\"widget\" data-widget_type=\"heading.default\">\n\t\t\t\t<div class=\"elementor-widget-container\">\n\t\t\t<h2 class=\"elementor-heading-title elementor-size-default\">EMAIL<\/h2>\t\t<\/div>\n\t\t\t\t<\/div>\n\t\t\t\t<div class=\"elementor-element elementor-element-c77037e elementor-widget elementor-widget-text-editor\" data-id=\"c77037e\" data-element_type=\"widget\" data-widget_type=\"text-editor.default\">\n\t\t\t\t<div class=\"elementor-widget-container\">\n\t\t\t\t\t\t\t<p><span dir=\"auto\" style=\"vertical-align: inherit;\"><span dir=\"auto\" style=\"vertical-align: inherit;\"><span dir=\"auto\" style=\"vertical-align: inherit;\"><span dir=\"auto\" style=\"vertical-align: inherit;\"><span dir=\"auto\" style=\"vertical-align: inherit;\"><span dir=\"auto\" style=\"vertical-align: inherit;\">contact@robertonihil-psy.com<\/span><\/span><\/span><\/span><\/span><\/span><\/p>\t\t\t\t\t\t<\/div>\n\t\t\t\t<\/div>\n\t\t\t\t<div class=\"elementor-element elementor-element-dbce5da elementor-widget elementor-widget-heading\" data-id=\"dbce5da\" data-element_type=\"widget\" data-widget_type=\"heading.default\">\n\t\t\t\t<div class=\"elementor-widget-container\">\n\t\t\t<h2 class=\"elementor-heading-title elementor-size-default\">T\u00e9l\u00e9phone\n<\/h2>\t\t<\/div>\n\t\t\t\t<\/div>\n\t\t\t\t<div class=\"elementor-element elementor-element-57a8de0 elementor-widget elementor-widget-text-editor\" data-id=\"57a8de0\" data-element_type=\"widget\" data-widget_type=\"text-editor.default\">\n\t\t\t\t<div class=\"elementor-widget-container\">\n\t\t\t\t\t\t\t<p><span dir=\"auto\" style=\"vertical-align: inherit;\"><span dir=\"auto\" style=\"vertical-align: inherit;\"><span dir=\"auto\" style=\"vertical-align: inherit;\"><span dir=\"auto\" style=\"vertical-align: inherit;\">021 653 23 40<\/span><\/span><\/span><\/span><\/p>\t\t\t\t\t\t<\/div>\n\t\t\t\t<\/div>\n\t\t\t\t<div class=\"elementor-element elementor-element-742a365 elementor-widget elementor-widget-text-editor\" data-id=\"742a365\" data-element_type=\"widget\" data-widget_type=\"text-editor.default\">\n\t\t\t\t<div class=\"elementor-widget-container\">\n\t\t\t\t\t\t\t<p>Answer within 72h \u2014 with clarity and presence.<\/p>\t\t\t\t\t\t<\/div>\n\t\t\t\t<\/div>\n\t\t\t\t<div class=\"elementor-element elementor-element-2328938 wpr-button-icon-style-inline wpr-button-icon-position-right elementor-widget elementor-widget-wpr-button\" data-id=\"2328938\" data-element_type=\"widget\" data-widget_type=\"wpr-button.default\">\n\t\t\t\t<div class=\"elementor-widget-container\">\n\t\t\t\t\n\t\t\t\n\t\t\n\t\t<div class=\"wpr-button-wrap elementor-clearfix\">\n\t\t<a class=\"wpr-button wpr-button-effect wpr-button-none\" data-text=\"Go\" href=\"https:\/\/www.robertonihil-psy.com\/en\/booking-page\/\">\n\t\t\t\n\t\t\t<span class=\"wpr-button-content\">\n\t\t\t\t\t\t\t\t\t<span class=\"wpr-button-text\">BOOK A SESSION<\/span>\n\t\t\t\t\t\t\t\t\n\t\t\t\t\t\t\t<\/span>\n\t\t<\/a>\n\n\t\t\t\t<\/div>\n\t\n\t\n\t\t\t<\/div>\n\t\t\t\t<\/div>\n\t\t\t\t<div class=\"elementor-element elementor-element-c72b9f3 elementor-widget__width-initial elementor-widget elementor-widget-text-editor\" data-id=\"c72b9f3\" data-element_type=\"widget\" data-widget_type=\"text-editor.default\">\n\t\t\t\t<div class=\"elementor-widget-container\">\n\t\t\t\t\t\t\t<p>Form\u00e9 aupr\u00e8s de l\u2019IRHyS et membre de la SHYPS, j\u2019utilise l\u2019hypnose comme un outil \u00e0 part enti\u00e8re \u2014 un acc\u00e8s privil\u00e9gi\u00e9 aux processus qui ne passent pas imm\u00e9diatement par la parole.<\/p><p>Cadre des s\u00e9ances<br \/>\u2022 Dur\u00e9e : 50 \u00e0 60 minutes<br \/>\u2022 Tarif : 180 CHF<br \/>\u2022 Langues : fran\u00e7ais, anglais, italien<br \/>\u2022 Cabinet priv\u00e9 \u00e0 Lausanne, hors LAMal<\/p>\t\t\t\t\t\t<\/div>\n\t\t\t\t<\/div>\n\t\t\t\t<div class=\"elementor-element elementor-element-a068ca4 elementor-widget elementor-widget-heading\" data-id=\"a068ca4\" data-element_type=\"widget\" data-widget_type=\"heading.default\">\n\t\t\t\t<div class=\"elementor-widget-container\">\n\t\t\t<h2 class=\"elementor-heading-title elementor-size-default\">RESERVATION<\/h2>\t\t<\/div>\n\t\t\t\t<\/div>\n\t\t\t\t<div class=\"elementor-element elementor-element-cca7016 elementor-widget elementor-widget-text-editor\" data-id=\"cca7016\" data-element_type=\"widget\" data-widget_type=\"text-editor.default\">\n\t\t\t\t<div class=\"elementor-widget-container\">\n\t\t\t\t\t\t\t<p><span dir=\"auto\" style=\"vertical-align: inherit;\"><span dir=\"auto\" style=\"vertical-align: inherit;\">Cabinet &amp; Studio<\/span><\/span><\/p>\t\t\t\t\t\t<\/div>\n\t\t\t\t<\/div>\n\t\t\t\t<div class=\"elementor-element elementor-element-796a149 elementor-widget elementor-widget-text-editor\" data-id=\"796a149\" data-element_type=\"widget\" data-widget_type=\"text-editor.default\">\n\t\t\t\t<div class=\"elementor-widget-container\">\n\t\t\t\t\t\t\t<p>MAISON NIHIL<\/p>\t\t\t\t\t\t<\/div>\n\t\t\t\t<\/div>\n\t\t\t\t<div class=\"elementor-element elementor-element-36e9f98 elementor-widget elementor-widget-text-editor\" data-id=\"36e9f98\" data-element_type=\"widget\" data-widget_type=\"text-editor.default\">\n\t\t\t\t<div class=\"elementor-widget-container\">\n\t\t\t\t\t\t\t<p><span dir=\"auto\" style=\"vertical-align: inherit;\"><span dir=\"auto\" style=\"vertical-align: inherit;\"><span dir=\"auto\" style=\"vertical-align: inherit;\"><span dir=\"auto\" style=\"vertical-align: inherit;\">Rue du Grand-Pont 2B <\/span><\/span><\/span><\/span><br \/><span dir=\"auto\" style=\"vertical-align: inherit;\"><span dir=\"auto\" style=\"vertical-align: inherit;\"><span dir=\"auto\" style=\"vertical-align: inherit;\"><span dir=\"auto\" style=\"vertical-align: inherit;\">1003 Lausanne \u2014 Switzerland<\/span><\/span><\/span><\/span><\/p>\t\t\t\t\t\t<\/div>\n\t\t\t\t<\/div>\n\t\t\t\t<div class=\"elementor-element elementor-element-127f7d4 elementor-widget elementor-widget-text-editor\" data-id=\"127f7d4\" data-element_type=\"widget\" data-widget_type=\"text-editor.default\">\n\t\t\t\t<div class=\"elementor-widget-container\">\n\t\t\t\t\t\t\t<p>Not open to the public.<\/p>\t\t\t\t\t\t<\/div>\n\t\t\t\t<\/div>\n\t\t\t\t<div class=\"elementor-element elementor-element-8459aaa elementor-widget elementor-widget-heading\" data-id=\"8459aaa\" data-element_type=\"widget\" data-widget_type=\"heading.default\">\n\t\t\t\t<div class=\"elementor-widget-container\">\n\t\t\t<h2 class=\"elementor-heading-title elementor-size-default\">SOCIALS<\/h2>\t\t<\/div>\n\t\t\t\t<\/div>\n\t\t\t\t\t<\/div>\n\t\t\t\t<\/div>\n\t\t<div class=\"elementor-element elementor-element-fec253d e-flex e-con-boxed wpr-particle-no wpr-jarallax-no wpr-parallax-no wpr-sticky-section-no e-con e-parent\" data-id=\"fec253d\" data-element_type=\"container\" data-settings=\"{&quot;background_background&quot;:&quot;classic&quot;}\">\n\t\t\t\t\t<div class=\"e-con-inner\">\n\t\t<div class=\"elementor-element elementor-element-fd32e86 e-con-full e-flex wpr-particle-no wpr-jarallax-no wpr-parallax-no wpr-sticky-section-no e-con e-child\" data-id=\"fd32e86\" data-element_type=\"container\">\n\t\t\t\t<div class=\"elementor-element elementor-element-7feb01f elementor-widget elementor-widget-heading\" data-id=\"7feb01f\" data-element_type=\"widget\" data-widget_type=\"heading.default\">\n\t\t\t\t<div class=\"elementor-widget-container\">\n\t\t\t<h3 class=\"elementor-heading-title elementor-size-default\"><a href=\"https:\/\/www.instagram.com\/robertonihil\/\" target=\"_blank\" rel=\"noopener\">Instagram<\/a><\/h3>\t\t<\/div>\n\t\t\t\t<\/div>\n\t\t\t\t<\/div>\n\t\t<div class=\"elementor-element elementor-element-21d5bc4 e-con-full e-flex wpr-particle-no wpr-jarallax-no wpr-parallax-no wpr-sticky-section-no e-con e-child\" data-id=\"21d5bc4\" data-element_type=\"container\">\n\t\t\t\t<div class=\"elementor-element elementor-element-5011e68 elementor-widget elementor-widget-heading\" data-id=\"5011e68\" data-element_type=\"widget\" data-widget_type=\"heading.default\">\n\t\t\t\t<div class=\"elementor-widget-container\">\n\t\t\t<h3 class=\"elementor-heading-title elementor-size-default\"><a href=\"https:\/\/open.spotify.com\/track\/32Dk8bigFL9KzmdRcd8YAc?si=hi2phvHCRRuCLpnFwF1m_w&#038;nd=1&#038;dlsi=c12a1111942a4676\" target=\"_blank\" rel=\"noopener\">Spotify<\/a><\/h3>\t\t<\/div>\n\t\t\t\t<\/div>\n\t\t\t\t<\/div>\n\t\t<div class=\"elementor-element elementor-element-2d6e855 e-con-full e-flex wpr-particle-no wpr-jarallax-no wpr-parallax-no wpr-sticky-section-no e-con e-child\" data-id=\"2d6e855\" data-element_type=\"container\">\n\t\t\t\t<div class=\"elementor-element elementor-element-55016f5 elementor-widget elementor-widget-heading\" data-id=\"55016f5\" data-element_type=\"widget\" data-widget_type=\"heading.default\">\n\t\t\t\t<div class=\"elementor-widget-container\">\n\t\t\t<h3 class=\"elementor-heading-title elementor-size-default\">Newsletter<\/h3>\t\t<\/div>\n\t\t\t\t<\/div>\n\t\t\t\t<\/div>\n\t\t\t\t\t<\/div>\n\t\t\t\t<\/div>\n\t\t<div class=\"elementor-element elementor-element-230206b e-flex e-con-boxed wpr-particle-no wpr-jarallax-no wpr-parallax-no wpr-sticky-section-no e-con e-parent\" data-id=\"230206b\" data-element_type=\"container\" data-settings=\"{&quot;background_background&quot;:&quot;classic&quot;}\">\n\t\t\t\t\t<div class=\"e-con-inner\">\n\t\t\t\t<div class=\"elementor-element elementor-element-07d8334 elementor-widget elementor-widget-text-editor\" data-id=\"07d8334\" data-element_type=\"widget\" data-widget_type=\"text-editor.default\">\n\t\t\t\t<div class=\"elementor-widget-container\">\n\t\t\t\t\t\t\t<p>\u201cSome things begin in silence.\u201d<\/p>\t\t\t\t\t\t<\/div>\n\t\t\t\t<\/div>\n\t\t\t\t\t<\/div>\n\t\t\t\t<\/div>\n\t\t\t\t<\/div>","protected":false},"excerpt":{"rendered":"<p>CONTACT Pour toute demande de s\u00e9ance en psychoth\u00e9rapie, collaborations ou projets artistiques. EMAIL contact@robertonihil-psy.com T\u00e9l\u00e9phone 021 653 23 40 Je r\u00e9ponds d\u00e8s que possible \u2014 avec pr\u00e9sence. Prendre rendez-vous Form\u00e9 aupr\u00e8s de l\u2019IRHyS et membre de la SHYPS, j\u2019utilise l\u2019hypnose comme un outil \u00e0 part enti\u00e8re \u2014 un acc\u00e8s privil\u00e9gi\u00e9 aux processus qui ne passent pas imm\u00e9diatement par la parole. Cadre des s\u00e9ances\u2022 Dur\u00e9e : 50 \u00e0 60 minutes\u2022 Tarif : 180 CHF\u2022 Langues : fran\u00e7ais, anglais, italien\u2022 Cabinet priv\u00e9 \u00e0 Lausanne, hors LAMal R\u00c9SERVATION Cabinet &amp; Studio MAISON NIHIL Rue du Grand-Pont 2B 1003 Lausanne \u2014 Switzerland Sur rendez-vous uniquement. R\u00e9seaux Instagram Spotify Newsletter (\u00e0 venir) \u00ab Certaines choses commencent dans le silence. \u00bb<\/p>","protected":false},"author":2,"featured_media":0,"parent":0,"menu_order":0,"comment_status":"closed","ping_status":"closed","template":"elementor_header_footer","meta":{"footnotes":""},"class_list":["post-2124","page","type-page","status-publish","hentry"],"rttpg_featured_image_url":null,"rttpg_author":{"display_name":"Robert","author_link":"https:\/\/www.robertonihil-psy.com\/en\/author\/robert\/"},"rttpg_comment":0,"rttpg_category":null,"rttpg_excerpt":"CONTACT Pour toute demande de s\u00e9ance en psychoth\u00e9rapie, collaborations ou projets artistiques. EMAIL contact@robertonihil-psy.com T\u00e9l\u00e9phone 021 653 23 40 Je r\u00e9ponds d\u00e8s que possible \u2014 avec pr\u00e9sence. Prendre rendez-vous Form\u00e9 aupr\u00e8s de l\u2019IRHyS et membre de la SHYPS, j\u2019utilise l\u2019hypnose comme un outil \u00e0 part enti\u00e8re \u2014 un acc\u00e8s privil\u00e9gi\u00e9 aux processus qui ne passent&hellip;","_links":{"self":[{"href":"https:\/\/www.robertonihil-psy.com\/en\/wp-json\/wp\/v2\/pages\/2124","targetHints":{"allow":["GET"]}}],"collection":[{"href":"https:\/\/www.robertonihil-psy.com\/en\/wp-json\/wp\/v2\/pages"}],"about":[{"href":"https:\/\/www.robertonihil-psy.com\/en\/wp-json\/wp\/v2\/types\/page"}],"author":[{"embeddable":true,"href":"https:\/\/www.robertonihil-psy.com\/en\/wp-json\/wp\/v2\/users\/2"}],"replies":[{"embeddable":true,"href":"https:\/\/www.robertonihil-psy.com\/en\/wp-json\/wp\/v2\/comments?post=2124"}],"version-history":[{"count":45,"href":"https:\/\/www.robertonihil-psy.com\/en\/wp-json\/wp\/v2\/pages\/2124\/revisions"}],"predecessor-version":[{"id":2787,"href":"https:\/\/www.robertonihil-psy.com\/en\/wp-json\/wp\/v2\/pages\/2124\/revisions\/2787"}],"wp:attachment":[{"href":"https:\/\/www.robertonihil-psy.com\/en\/wp-json\/wp\/v2\/media?parent=2124"}],"curies":[{"name":"wp","href":"https:\/\/api.w.org\/{rel}","templated":true}]}}